{"id":22,"date":"2019-10-04T13:49:41","date_gmt":"2019-10-04T13:49:41","guid":{"rendered":"https:\/\/niklausthutloge.ch\/?page_id=22"},"modified":"2020-01-10T09:21:46","modified_gmt":"2020-01-10T09:21:46","slug":"about","status":"publish","type":"page","link":"https:\/\/niklausthutloge.ch\/?page_id=22","title":{"rendered":"\u00dcber den Druidentisch"},"content":{"rendered":"<div class=\"col-md-6 col-sm-6 col-xs-12\">\n<div class=\"about-img-area wow fadeInDown animated animated animated animated animated\" style=\"visibility: visible; animation-delay: 0.4s; animation-name: fadeInDown;\" data-wow-delay=\"0.4s\"><img loading=\"lazy\" decoding=\"async\" class=\"alignnone  wp-image-33\" src=\"https:\/\/niklausthutloge.ch\/wp-content\/uploads\/2020\/01\/805_339954_Druiden-300x200.jpg\" alt=\"\" width=\"576\" height=\"384\" srcset=\"https:\/\/niklausthutloge.ch\/wp-content\/uploads\/2020\/01\/805_339954_Druiden-300x200.jpg 300w, https:\/\/niklausthutloge.ch\/wp-content\/uploads\/2020\/01\/805_339954_Druiden-768x512.jpg 768w, https:\/\/niklausthutloge.ch\/wp-content\/uploads\/2020\/01\/805_339954_Druiden.jpg 805w\" sizes=\"auto, (max-width: 576px) 100vw, 576px\" \/><\/div>\n<\/div>\n<div class=\"col-md-6 col-sm-6 col-xs-12 wow fadeInDown animated animated animated animated animated\" style=\"visibility: visible; animation-delay: 0.4s; animation-name: fadeInDown;\" data-wow-delay=\"0.4s\">\n<h2>Seit Ende August versammelt sich im Palass Zofingen regelm\u00e4ssig eine Gruppe M\u00e4nner zu einem Druidentisch. Wer sich f\u00fcr einen Besuch interessiert, wird gebeten, sich \u00fcber eine Mailadresse anzumelden. Der Tisch ist die Vorstufe zur Gr\u00fcndung eines Zofinger Druidenablegers: Der Niklaus- Thut-Loge.<\/h2>\n<\/div>\n","protected":false},"excerpt":{"rendered":"<p>Seit Ende August versammelt sich im Palass Zofingen regelm\u00e4ssig eine Gruppe M\u00e4nner zu einem Druidentisch. Wer sich f\u00fcr einen Besuch interessiert, wird gebeten, sich \u00fcber eine Mailadresse anzumelden. Der Tisch ist die Vorstufe zur Gr\u00fcndung eines Zofinger Druidenablegers: Der Niklaus- Thut-Loge.<\/p>\n","protected":false},"author":2,"featured_media":0,"parent":0,"menu_order":3,"comment_status":"closed","ping_status":"closed","template":"template\/template-about.php","meta":{"footnotes":""},"class_list":["post-22","page","type-page","status-publish","hentry"],"_links":{"self":[{"href":"https:\/\/niklausthutloge.ch\/index.php?rest_route=\/wp\/v2\/pages\/22","targetHints":{"allow":["GET"]}}],"collection":[{"href":"https:\/\/niklausthutloge.ch\/index.php?rest_route=\/wp\/v2\/pages"}],"about":[{"href":"https:\/\/niklausthutloge.ch\/index.php?rest_route=\/wp\/v2\/types\/page"}],"author":[{"embeddable":true,"href":"https:\/\/niklausthutloge.ch\/index.php?rest_route=\/wp\/v2\/users\/2"}],"replies":[{"embeddable":true,"href":"https:\/\/niklausthutloge.ch\/index.php?rest_route=%2Fwp%2Fv2%2Fcomments&post=22"}],"version-history":[{"count":2,"href":"https:\/\/niklausthutloge.ch\/index.php?rest_route=\/wp\/v2\/pages\/22\/revisions"}],"predecessor-version":[{"id":40,"href":"https:\/\/niklausthutloge.ch\/index.php?rest_route=\/wp\/v2\/pages\/22\/revisions\/40"}],"wp:attachment":[{"href":"https:\/\/niklausthutloge.ch\/index.php?rest_route=%2Fwp%2Fv2%2Fmedia&parent=22"}],"curies":[{"name":"wp","href":"https:\/\/api.w.org\/{rel}","templated":true}]}}